{"id":1788,"date":"2025-12-19T10:47:19","date_gmt":"2025-12-19T10:47:19","guid":{"rendered":"https:\/\/prochowice.tv\/?page_id=1788"},"modified":"2025-12-19T10:51:15","modified_gmt":"2025-12-19T10:51:15","slug":"reklama-prochowice","status":"publish","type":"page","link":"https:\/\/prochowice.tv\/en\/reklama-prochowice\/","title":{"rendered":"Reklama Prochowice"},"content":{"rendered":"<h2 class=\"wp-block-heading\">Skuteczne Kampanie Reklamowe dla Twojego Biznesu w Prochowicach<\/h2>\n\n\n\n<p>Szukasz skutecznej i nowoczesnej reklamy w Prochowicach? Trafi\u0142e\u015b we w\u0142a\u015bciwe miejsce! Oferujemy kompleksowe us\u0142ugi reklamowe, kt\u00f3re pomog\u0105 Twojemu biznesowi dotrze\u0107 do wszystkich mieszka\u0144c\u00f3w naszej gminy i zbudowa\u0107 siln\u0105, lokaln\u0105 mark\u0119.<\/p>\n\n\n\n<p><em>Aby om\u00f3wi\u0107 szczeg\u00f3\u0142y i zaplanowa\u0107 kampani\u0119 reklamow\u0105, kt\u00f3ra realnie wp\u0142ynie na rozw\u00f3j Twojego biznesu, zapraszamy do kontaktu. Prosimy o korzystanie z formularza w dziale\u00a0<a href=\"https:\/\/prochowice.tv\/en\/kontakt\/\"><strong>\u00abKontakt\u00bb<\/strong><\/a>\u00a0lub bezpo\u015bredni e-mail na adres:\u00a0<strong>kontakt@prochowice.tv.<\/strong><\/em><\/p>\n\n\n\n<p>Nasza oferta jest stworzona specjalnie z my\u015bl\u0105 o potrzebach lokalnego rynku. Dzia\u0142amy tam, gdzie \u017cyj\u0105 i podejmuj\u0105 decyzje Twoi klienci. Oferujemy r\u00f3\u017cnorodne kana\u0142y promocyjne \u2013 od&nbsp;<strong>social medi\u00f3w, przez portal&nbsp;<a href=\"https:\/\/prochowice.tv\/en\/\" target=\"_blank\" rel=\"noreferrer noopener\">Prochowice.tv<\/a>,&nbsp;po nasze programy telewizyjne i materia\u0142y wideo<\/strong>. Ka\u017cda kampania jest starannie dopasowana do Twoich cel\u00f3w, zapewniaj\u0105c maksymalny zasi\u0119g i efektywno\u015b\u0107 w Prochowicach.<\/p>\n\n\n\n<hr class=\"wp-block-separator has-alpha-channel-opacity\"\/>\n\n\n\n<h3 class=\"wp-block-heading\">Nasze Media w Prochowicach:<\/h3>\n\n\n\n<p><strong>Portal&nbsp;<a href=\"https:\/\/prochowice.tv\/en\/\" target=\"_blank\" rel=\"noreferrer noopener\">Prochowice.tv<\/a><\/strong><br><a href=\"https:\/\/prochowice.tv\/en\/\" target=\"_blank\" rel=\"noreferrer noopener\">Prochowice.tv<\/a>&nbsp;to dynamiczny i najch\u0119tniej odwiedzany portal informacyjny w naszej gminie. Jeste\u015bmy na bie\u017c\u0105co z tym, co dzieje si\u0119 w mie\u015bcie, docieramy z informacj\u0105 do zaanga\u017cowanej spo\u0142eczno\u015bci lokalnej. Reklama u nas to gwarancja, \u017ce Tw\u00f3j przekaz trafi do \u015bwiadomych i aktywnych mieszka\u0144c\u00f3w Prochowic, kt\u00f3rzy codziennie szukaj\u0105 wiadomo\u015bci o swoim mie\u015bcie. To idealne miejsce na Twoj\u0105 reklam\u0119, kt\u00f3ra b\u0119dzie postrzegana jako cz\u0119\u015b\u0107 lokalnego \u017cycia.<\/p>\n\n\n\n<p><strong>Telewizja&nbsp;<a href=\"https:\/\/prochowice.tv\/en\/\" target=\"_blank\" rel=\"noreferrer noopener\">Prochowice.tv<\/a><\/strong><br>Docieramy bezpo\u015brednio do mieszka\u0144c\u00f3w przez nasze programy i reporta\u017ce. Jeste\u015bmy g\u0142osem lokalnej spo\u0142eczno\u015bci, poruszamy tematy wa\u017cne dla Prochowic. Reklama w naszych produkcjach wideo to nie tylko wizerunek, to&nbsp;<strong>budowanie zaufania i autentycznej wi\u0119zi z klientami<\/strong>. Pokazujemy, \u017ce Twoja firma jest integraln\u0105 cz\u0119\u015bci\u0105 naszej ma\u0142ej ojczyzny.<\/p>\n\n\n\n<p><strong>Social Media i Grupy Dyskusyjne<\/strong><br>Nasze profile w mediach spo\u0142eczno\u015bciowych anga\u017cuj\u0105 tysi\u0105ce mieszka\u0144c\u00f3w Prochowic i okolic. Aktywnie uczestniczymy w lokalnych dyskusjach, znamy nastroje i potrzeby spo\u0142eczno\u015bci. Reklama przez nasze kana\u0142y social media pozwala na&nbsp;<strong>bezpo\u015bredni\u0105 i interaktywn\u0105 komunikacj\u0119<\/strong>&nbsp;z Twoimi potencjalnymi klientami. Docieramy tak\u017ce do najaktywniejszych grup dyskusyjnych, gdzie kszta\u0142tuj\u0105 si\u0119 opinie i podejmowane s\u0105 decyzje zakupowe.<\/p>\n\n\n\n<hr class=\"wp-block-separator has-alpha-channel-opacity\"\/>\n\n\n\n<h3 class=\"wp-block-heading\">Dlaczego Warto Wybra\u0107 Reklam\u0119 w&nbsp;<a href=\"https:\/\/prochowice.tv\/en\/\" target=\"_blank\" rel=\"noreferrer noopener\">Prochowice.tv<\/a>?<\/h3>\n\n\n\n<ul class=\"wp-block-list\">\n<li><strong>Skupiamy si\u0119 na Prochowicach:<\/strong>\u00a0Nie rozpraszamy si\u0119 na ca\u0142y region. Wszystk\u0105 nasz\u0105 energi\u0119 i know-how wk\u0142adamy w dotarcie do mieszka\u0144c\u00f3w i firm w Prochowicach. Doskonale znamy tu ka\u017cd\u0105 ulic\u0119 i lokalny rynek.<\/li>\n\n\n\n<li><strong>Profesjonalne Podej\u015bcie:<\/strong>\u00a0Nasz zesp\u00f3\u0142 tworz\u0105 ludzie zwi\u0105zani z Prochowicami, kt\u00f3rzy rozumiej\u0105 specyfik\u0119 ma\u0142omiasteczkowego biznesu. Pomagamy zaplanowa\u0107 kampani\u0119, kt\u00f3ra\u00a0<strong>przem\u00f3wi do s\u0105siad\u00f3w i znajomych<\/strong>.<\/li>\n\n\n\n<li><strong>Kompleksowa Obs\u0142uga:<\/strong>\u00a0Oferujemy r\u00f3\u017cnorodne formy reklamy \u2013 od artyku\u0142\u00f3w sponsorowanych i baner\u00f3w, po profesjonalne materia\u0142y wideo. Wszystko dostosowane do mo\u017cliwo\u015bci bud\u017cetowych i cel\u00f3w lokalnej firmy.<\/li>\n\n\n\n<li><strong>\u0141atwo\u015b\u0107 Wsp\u00f3\u0142pracy:<\/strong>\u00a0Wszystkie formalno\u015bci za\u0142atwimy zdalnie. Jeste\u015bmy elastyczni i gotowi, by om\u00f3wi\u0107 Twoje potrzeby przez telefon lub e-mail.<\/li>\n<\/ul>\n\n\n\n<p><strong>Zaufaj lokalnemu ekspertowi.<\/strong>&nbsp;Nie musisz szuka\u0107 agencji w du\u017cym mie\u015bcie, kt\u00f3ra nie poczuje specyfiki Prochowic. Dzia\u0142amy tu, na miejscu. Pozw\u00f3l, aby Twoja firma zaistnia\u0142a w \u015bwiadomo\u015bci wszystkich mieszka\u0144c\u00f3w Prochowic w spos\u00f3b skuteczny i wiarygodny.<\/p>\n\n\n\n<p><strong>Skontaktuj si\u0119 z nami ju\u017c dzi\u015b i zapytaj o ofert\u0119 przygotowan\u0105 specjalnie dla biznesu z Prochowic.<\/strong><\/p>\n\n\n\n<hr class=\"wp-block-separator has-alpha-channel-opacity\"\/>\n\n\n\n<p><em>Zdobywaj klient\u00f3w tam, gdzie oni \u017cyj\u0105. Reklamuj si\u0119 lokalnie z&nbsp;<a href=\"https:\/\/prochowice.tv\/en\/\" target=\"_blank\" rel=\"noreferrer noopener\">Prochowice.tv<\/a>.<\/em><\/p>","protected":false},"excerpt":{"rendered":"<p>Skuteczne Kampanie Reklamowe dla Twojego Biznesu w Prochowicach Szukasz skutecznej i nowoczesnej reklamy w Prochowicach? Trafi\u0142e\u015b we w\u0142a\u015bciwe miejsce! Oferujemy kompleksowe us\u0142ugi reklamowe, kt\u00f3re pomog\u0105 Twojemu biznesowi dotrze\u0107 do wszystkich mieszka\u0144c\u00f3w naszej gminy i zbudowa\u0107 siln\u0105, lokaln\u0105 mark\u0119. Aby om\u00f3wi\u0107 szczeg\u00f3\u0142y i zaplanowa\u0107 kampani\u0119 reklamow\u0105, kt\u00f3ra realnie wp\u0142ynie na rozw\u00f3j Twojego biznesu, zapraszamy do kontaktu&#8230;.<\/p>","protected":false},"author":1,"featured_media":1791,"parent":0,"menu_order":0,"comment_status":"closed","ping_status":"closed","template":"","meta":{"footnotes":""},"class_list":["post-1788","page","type-page","status-publish","has-post-thumbnail","hentry"],"yoast_head":"<!-- This site is optimized with the Yoast SEO plugin v26.5 - https:\/\/yoast.com\/wordpress\/plugins\/seo\/ -->\n<title>Reklama Prochowice - Prochowice.TV<\/title>\n<meta name=\"description\" content=\"Skuteczne Kampanie Reklamowe dla Twojego Biznesu w Prochowicach\" \/>\n<meta name=\"robots\" content=\"index, follow, max-snippet:-1, max-image-preview:large, max-video-preview:-1\" \/>\n<link rel=\"canonical\" href=\"https:\/\/prochowice.tv\/en\/reklama-prochowice\/\" \/>\n<meta property=\"og:locale\" content=\"en_US\" \/>\n<meta property=\"og:type\" content=\"article\" \/>\n<meta property=\"og:title\" content=\"Reklama Prochowice - Prochowice.TV\" \/>\n<meta property=\"og:description\" content=\"Skuteczne Kampanie Reklamowe dla Twojego Biznesu w Prochowicach\" \/>\n<meta property=\"og:url\" content=\"https:\/\/prochowice.tv\/en\/reklama-prochowice\/\" \/>\n<meta property=\"og:site_name\" content=\"Prochowice.TV\" \/>\n<meta property=\"article:modified_time\" content=\"2025-12-19T10:51:15+00:00\" \/>\n<meta property=\"og:image\" content=\"https:\/\/prochowice.tv\/wp-content\/uploads\/2025\/12\/ChatGPT-Image-19-gru-2025-o-11_46_05.jpeg\" \/>\n\t<meta property=\"og:image:width\" content=\"1536\" \/>\n\t<meta property=\"og:image:height\" content=\"1024\" \/>\n\t<meta property=\"og:image:type\" content=\"image\/jpeg\" \/>\n<meta name=\"twitter:card\" content=\"summary_large_image\" \/>\n<meta name=\"twitter:label1\" content=\"Est. reading time\" \/>\n\t<meta name=\"twitter:data1\" content=\"3 minutes\" \/>\n<script type=\"application\/ld+json\" class=\"yoast-schema-graph\">{\"@context\":\"https:\/\/schema.org\",\"@graph\":[{\"@type\":\"WebPage\",\"@id\":\"https:\/\/prochowice.tv\/reklama-prochowice\/\",\"url\":\"https:\/\/prochowice.tv\/reklama-prochowice\/\",\"name\":\"Reklama Prochowice - Prochowice.TV\",\"isPartOf\":{\"@id\":\"https:\/\/prochowice.tv\/#website\"},\"primaryImageOfPage\":{\"@id\":\"https:\/\/prochowice.tv\/reklama-prochowice\/#primaryimage\"},\"image\":{\"@id\":\"https:\/\/prochowice.tv\/reklama-prochowice\/#primaryimage\"},\"thumbnailUrl\":\"https:\/\/prochowice.tv\/wp-content\/uploads\/2025\/12\/ChatGPT-Image-19-gru-2025-o-11_46_05.jpeg\",\"datePublished\":\"2025-12-19T10:47:19+00:00\",\"dateModified\":\"2025-12-19T10:51:15+00:00\",\"description\":\"Skuteczne Kampanie Reklamowe dla Twojego Biznesu w Prochowicach\",\"breadcrumb\":{\"@id\":\"https:\/\/prochowice.tv\/reklama-prochowice\/#breadcrumb\"},\"inLanguage\":\"en-US\",\"potentialAction\":[{\"@type\":\"ReadAction\",\"target\":[\"https:\/\/prochowice.tv\/reklama-prochowice\/\"]}]},{\"@type\":\"ImageObject\",\"inLanguage\":\"en-US\",\"@id\":\"https:\/\/prochowice.tv\/reklama-prochowice\/#primaryimage\",\"url\":\"https:\/\/prochowice.tv\/wp-content\/uploads\/2025\/12\/ChatGPT-Image-19-gru-2025-o-11_46_05.jpeg\",\"contentUrl\":\"https:\/\/prochowice.tv\/wp-content\/uploads\/2025\/12\/ChatGPT-Image-19-gru-2025-o-11_46_05.jpeg\",\"width\":1536,\"height\":1024},{\"@type\":\"BreadcrumbList\",\"@id\":\"https:\/\/prochowice.tv\/reklama-prochowice\/#breadcrumb\",\"itemListElement\":[{\"@type\":\"ListItem\",\"position\":1,\"name\":\"Strona g\u0142\u00f3wna\",\"item\":\"https:\/\/prochowice.tv\/\"},{\"@type\":\"ListItem\",\"position\":2,\"name\":\"Reklama Prochowice\"}]},{\"@type\":\"WebSite\",\"@id\":\"https:\/\/prochowice.tv\/#website\",\"url\":\"https:\/\/prochowice.tv\/\",\"name\":\"Prochowice.TV\",\"description\":\"Twoje miasto. Twoje media - Niezale\u017cne media Gminy Prochowice\",\"publisher\":{\"@id\":\"https:\/\/prochowice.tv\/#organization\"},\"potentialAction\":[{\"@type\":\"SearchAction\",\"target\":{\"@type\":\"EntryPoint\",\"urlTemplate\":\"https:\/\/prochowice.tv\/?s={search_term_string}\"},\"query-input\":{\"@type\":\"PropertyValueSpecification\",\"valueRequired\":true,\"valueName\":\"search_term_string\"}}],\"inLanguage\":\"en-US\"},{\"@type\":\"Organization\",\"@id\":\"https:\/\/prochowice.tv\/#organization\",\"name\":\"Prochowice TV\",\"url\":\"https:\/\/prochowice.tv\/\",\"logo\":{\"@type\":\"ImageObject\",\"inLanguage\":\"en-US\",\"@id\":\"https:\/\/prochowice.tv\/#\/schema\/logo\/image\/\",\"url\":\"https:\/\/prochowice.tv\/wp-content\/uploads\/2025\/12\/p-logo-2-1.png\",\"contentUrl\":\"https:\/\/prochowice.tv\/wp-content\/uploads\/2025\/12\/p-logo-2-1.png\",\"width\":385,\"height\":363,\"caption\":\"Prochowice TV\"},\"image\":{\"@id\":\"https:\/\/prochowice.tv\/#\/schema\/logo\/image\/\"}}]}<\/script>\n<!-- \/ Yoast SEO plugin. -->","yoast_head_json":{"title":"Reklama Prochowice - Prochowice.TV","description":"Skuteczne Kampanie Reklamowe dla Twojego Biznesu w Prochowicach","robots":{"index":"index","follow":"follow","max-snippet":"max-snippet:-1","max-image-preview":"max-image-preview:large","max-video-preview":"max-video-preview:-1"},"canonical":"https:\/\/prochowice.tv\/en\/reklama-prochowice\/","og_locale":"en_US","og_type":"article","og_title":"Reklama Prochowice - Prochowice.TV","og_description":"Skuteczne Kampanie Reklamowe dla Twojego Biznesu w Prochowicach","og_url":"https:\/\/prochowice.tv\/en\/reklama-prochowice\/","og_site_name":"Prochowice.TV","article_modified_time":"2025-12-19T10:51:15+00:00","og_image":[{"width":1536,"height":1024,"url":"https:\/\/prochowice.tv\/wp-content\/uploads\/2025\/12\/ChatGPT-Image-19-gru-2025-o-11_46_05.jpeg","type":"image\/jpeg"}],"twitter_card":"summary_large_image","twitter_misc":{"Est. reading time":"3 minutes"},"schema":{"@context":"https:\/\/schema.org","@graph":[{"@type":"WebPage","@id":"https:\/\/prochowice.tv\/reklama-prochowice\/","url":"https:\/\/prochowice.tv\/reklama-prochowice\/","name":"Reklama Prochowice - Prochowice.TV","isPartOf":{"@id":"https:\/\/prochowice.tv\/#website"},"primaryImageOfPage":{"@id":"https:\/\/prochowice.tv\/reklama-prochowice\/#primaryimage"},"image":{"@id":"https:\/\/prochowice.tv\/reklama-prochowice\/#primaryimage"},"thumbnailUrl":"https:\/\/prochowice.tv\/wp-content\/uploads\/2025\/12\/ChatGPT-Image-19-gru-2025-o-11_46_05.jpeg","datePublished":"2025-12-19T10:47:19+00:00","dateModified":"2025-12-19T10:51:15+00:00","description":"Skuteczne Kampanie Reklamowe dla Twojego Biznesu w Prochowicach","breadcrumb":{"@id":"https:\/\/prochowice.tv\/reklama-prochowice\/#breadcrumb"},"inLanguage":"en-US","potentialAction":[{"@type":"ReadAction","target":["https:\/\/prochowice.tv\/reklama-prochowice\/"]}]},{"@type":"ImageObject","inLanguage":"en-US","@id":"https:\/\/prochowice.tv\/reklama-prochowice\/#primaryimage","url":"https:\/\/prochowice.tv\/wp-content\/uploads\/2025\/12\/ChatGPT-Image-19-gru-2025-o-11_46_05.jpeg","contentUrl":"https:\/\/prochowice.tv\/wp-content\/uploads\/2025\/12\/ChatGPT-Image-19-gru-2025-o-11_46_05.jpeg","width":1536,"height":1024},{"@type":"BreadcrumbList","@id":"https:\/\/prochowice.tv\/reklama-prochowice\/#breadcrumb","itemListElement":[{"@type":"ListItem","position":1,"name":"Strona g\u0142\u00f3wna","item":"https:\/\/prochowice.tv\/"},{"@type":"ListItem","position":2,"name":"Reklama Prochowice"}]},{"@type":"WebSite","@id":"https:\/\/prochowice.tv\/#website","url":"https:\/\/prochowice.tv\/","name":"Prochowice.TV","description":"Twoje miasto. Twoje media - Niezale\u017cne media Gminy Prochowice","publisher":{"@id":"https:\/\/prochowice.tv\/#organization"},"potentialAction":[{"@type":"SearchAction","target":{"@type":"EntryPoint","urlTemplate":"https:\/\/prochowice.tv\/?s={search_term_string}"},"query-input":{"@type":"PropertyValueSpecification","valueRequired":true,"valueName":"search_term_string"}}],"inLanguage":"en-US"},{"@type":"Organization","@id":"https:\/\/prochowice.tv\/#organization","name":"Prochowice TV","url":"https:\/\/prochowice.tv\/","logo":{"@type":"ImageObject","inLanguage":"en-US","@id":"https:\/\/prochowice.tv\/#\/schema\/logo\/image\/","url":"https:\/\/prochowice.tv\/wp-content\/uploads\/2025\/12\/p-logo-2-1.png","contentUrl":"https:\/\/prochowice.tv\/wp-content\/uploads\/2025\/12\/p-logo-2-1.png","width":385,"height":363,"caption":"Prochowice TV"},"image":{"@id":"https:\/\/prochowice.tv\/#\/schema\/logo\/image\/"}}]}},"_links":{"self":[{"href":"https:\/\/prochowice.tv\/en\/wp-json\/wp\/v2\/pages\/1788","targetHints":{"allow":["GET"]}}],"collection":[{"href":"https:\/\/prochowice.tv\/en\/wp-json\/wp\/v2\/pages"}],"about":[{"href":"https:\/\/prochowice.tv\/en\/wp-json\/wp\/v2\/types\/page"}],"author":[{"embeddable":true,"href":"https:\/\/prochowice.tv\/en\/wp-json\/wp\/v2\/users\/1"}],"replies":[{"embeddable":true,"href":"https:\/\/prochowice.tv\/en\/wp-json\/wp\/v2\/comments?post=1788"}],"version-history":[{"count":2,"href":"https:\/\/prochowice.tv\/en\/wp-json\/wp\/v2\/pages\/1788\/revisions"}],"predecessor-version":[{"id":1794,"href":"https:\/\/prochowice.tv\/en\/wp-json\/wp\/v2\/pages\/1788\/revisions\/1794"}],"wp:featuredmedia":[{"embeddable":true,"href":"https:\/\/prochowice.tv\/en\/wp-json\/wp\/v2\/media\/1791"}],"wp:attachment":[{"href":"https:\/\/prochowice.tv\/en\/wp-json\/wp\/v2\/media?parent=1788"}],"curies":[{"name":"wp","href":"https:\/\/api.w.org\/{rel}","templated":true}]}}