{"id":480,"date":"2016-07-12T09:51:23","date_gmt":"2016-07-12T09:51:23","guid":{"rendered":"http:\/\/boombox.px-lab.com\/?page_id=480"},"modified":"2025-12-10T21:42:51","modified_gmt":"2025-12-10T21:42:51","slug":"terms","status":"publish","type":"page","link":"https:\/\/prochowice.tv\/en\/terms\/","title":{"rendered":"Regulamin"},"content":{"rendered":"<p class=\"ds-markdown-paragraph\"><strong>1. Akceptacja Warunk\u00f3w.<\/strong><br \/>Korzystaj\u0105c z Prochowice.TV, potwierdzasz, \u017ce masz uko\u0144czone 18 lat (lub wiek wymagany w twojej jurysdykcji) i akceptujesz niniejszy Regulamin w ca\u0142o\u015bci.<\/p>\n<p class=\"ds-markdown-paragraph\"><strong>2. Licencja na Tre\u015b\u0107.<\/strong><br \/>Przesy\u0142aj\u0105c jakiekolwiek materia\u0142y (wideo, audio, tekst), udzielasz Prochowice TV Sp. z o.o. nieodp\u0142atnej, niewy\u0142\u0105cznej, sublicencjowalnej i og\u00f3lno\u015bwiatowej licencji na ich wykorzystanie, reprodukcj\u0119, modyfikacj\u0119, publiczne wy\u015bwietlanie i dystrybucj\u0119 w ramach Us\u0142ugi i w celach jej promocji.<\/p>\n<p class=\"ds-markdown-paragraph\"><strong>3. Zakazane Dzia\u0142ania.<\/strong><br \/>Zabrania si\u0119 u\u017cytkownikom\u00a0<a href=\"https:\/\/m.in\/\" target=\"_blank\" rel=\"noopener noreferrer\">m.in<\/a>.:<\/p>\n<ul>\n<li>\n<p class=\"ds-markdown-paragraph\">Przesy\u0142ania tre\u015bci naruszaj\u0105cych prawa autorskie lub zawieraj\u0105cych materia\u0142y nielegalne.<\/p>\n<\/li>\n<li>\n<p class=\"ds-markdown-paragraph\">Podejmowania pr\u00f3b omijania zabezpiecze\u0144 lub &#8222;odwracania&#8221; dzia\u0142ania naszej platformy.<\/p>\n<\/li>\n<li>\n<p class=\"ds-markdown-paragraph\">U\u017cywania us\u0142ugi do automatycznego pobierania tre\u015bci (boty, scrapowanie) bez naszej pisemnej zgody.<\/p>\n<\/li>\n<li>\n<p class=\"ds-markdown-paragraph\">Dzia\u0142ania w spos\u00f3b, kt\u00f3ry mo\u017ce przeci\u0105\u017cy\u0107 nasz\u0105 infrastruktur\u0119.<\/p>\n<\/li>\n<\/ul>\n<p class=\"ds-markdown-paragraph\"><strong>\u00a74. Zakazane Tre\u015bci i Dzia\u0142ania<\/strong><br \/>Zabronione jest przesy\u0142anie Tre\u015bci lub podejmowanie dzia\u0142a\u0144, kt\u00f3re:<\/p>\n<ul>\n<li>\n<p class=\"ds-markdown-paragraph\">Naruszaj\u0105 prawa autorskie lub prawa pokrewne os\u00f3b trzecich.<\/p>\n<\/li>\n<li>\n<p class=\"ds-markdown-paragraph\">S\u0105 niezgodne z prawem Republiki Panamy lub prawem miejsca zamieszkania U\u017cytkownika.<\/p>\n<\/li>\n<li>\n<p class=\"ds-markdown-paragraph\">Maj\u0105 charakter oszuka\u0144czy, zawieraj\u0105 wirusy lub z\u0142o\u015bliwe oprogramowanie.<\/p>\n<\/li>\n<li>\n<p class=\"ds-markdown-paragraph\">Stanowi\u0105 tzw. \u201emow\u0119 nienawi\u015bci\u201d, nawo\u0142uj\u0105 do przemocy lub dyskryminacji.<\/p>\n<\/li>\n<li>\n<p class=\"ds-markdown-paragraph\">Ujawniaj\u0105 poufne informacje os\u00f3b trzecich bez ich zgody.<\/p>\n<\/li>\n<li>\n<p class=\"ds-markdown-paragraph\">S\u0105 zwi\u0105zane z automatycznym pozyskiwaniem danych (web-scraping), pr\u00f3bami obej\u015bcia zabezpiecze\u0144 lub nadmiernym obci\u0105\u017caniem infrastruktury.<\/p>\n<\/li>\n<\/ul>\n<p class=\"ds-markdown-paragraph\"><strong>\u00a75. Monitorowanie i Moderacja<\/strong><\/p>\n<ol start=\"1\">\n<li>\n<p class=\"ds-markdown-paragraph\">Us\u0142ugodawca\u00a0<strong>nie jest zobowi\u0105zany do wst\u0119pnej moderacji<\/strong>\u00a0Tre\u015bci. Jednak zastrzega sobie\u00a0<strong>bezwzgl\u0119dne prawo<\/strong>\u00a0do usuni\u0119cia, zablokowania lub edycji dowolnej Tre\u015bci oraz do czasowego lub sta\u0142ego zablokowania dost\u0119pu do Konta\u00a0<strong>bez podania przyczyny i bez uprzedzenia<\/strong>.<\/p>\n<\/li>\n<li>\n<p class=\"ds-markdown-paragraph\">U\u017cytkownik mo\u017ce zg\u0142asza\u0107 naruszenia poprzez formularz\u00a0<code>report@prochowice.tv<\/code>. Decyzja Us\u0142ugodawcy w sprawie zg\u0142oszenia jest ostateczna.<\/p>\n<\/li>\n<\/ol>\n<p class=\"ds-markdown-paragraph\"><strong>\u00a76. Odpowiedzialno\u015b\u0107 i Gwarancje<\/strong><\/p>\n<ol start=\"1\">\n<li>\n<p class=\"ds-markdown-paragraph\">Us\u0142uga jest dostarczana\u00a0<strong>\u201etak jak jest\u201d (\u201eas is\u201d)<\/strong>. Us\u0142ugodawca\u00a0<strong>nie udziela \u017cadnych gwarancji<\/strong>, zar\u00f3wno wyra\u017anych, jak i dorozumianych, w tym co do ci\u0105g\u0142o\u015bci dzia\u0142ania, bezpiecze\u0144stwa danych, braku b\u0142\u0119d\u00f3w czy przydatno\u015bci do konkretnych cel\u00f3w U\u017cytkownika.<\/p>\n<\/li>\n<li>\n<p class=\"ds-markdown-paragraph\">Us\u0142ugodawca\u00a0<strong>nie ponosi odpowiedzialno\u015bci<\/strong>\u00a0za:<\/p>\n<ul>\n<li>\n<p class=\"ds-markdown-paragraph\">Tre\u015bci publikowane przez U\u017cytkownik\u00f3w, ich legalno\u015b\u0107, rzetelno\u015b\u0107 lub kompletno\u015b\u0107.<\/p>\n<\/li>\n<li>\n<p class=\"ds-markdown-paragraph\">Bezpo\u015brednie lub po\u015brednie szkody wynik\u0142e z korzystania z Us\u0142ugi, w tym utrat\u0119 danych, zysk\u00f3w czy mo\u017cliwo\u015bci biznesowych.<\/p>\n<\/li>\n<li>\n<p class=\"ds-markdown-paragraph\">Dzia\u0142ania lub zaniechania os\u00f3b trzecich, w tym partner\u00f3w reklamowych.<\/p>\n<\/li>\n<\/ul>\n<\/li>\n<li>\n<p class=\"ds-markdown-paragraph\">Ca\u0142kowita odpowiedzialno\u015b\u0107 Us\u0142ugodawcy, niezale\u017cnie od podstawy roszczenia, jest\u00a0<strong>ograniczona do kwoty 50 USD (pi\u0119\u0107dziesi\u0105t dolar\u00f3w ameryka\u0144skich)<\/strong>\u00a0lub r\u00f3wnowarto\u015bci op\u0142at wniesionych przez U\u017cytkownika w ci\u0105gu ostatnich 6 miesi\u0119cy, w zale\u017cno\u015bci od tego, kt\u00f3ra kwota jest ni\u017csza.<\/p>\n<\/li>\n<\/ol>\n<p class=\"ds-markdown-paragraph\"><strong>\u00a77. P\u0142atno\u015bci i Subskrypcje<\/strong><\/p>\n<ol start=\"1\">\n<li>\n<p class=\"ds-markdown-paragraph\">Cz\u0119\u015b\u0107 Us\u0142ugi jest p\u0142atna (tzw. \u201eProchowice.TV Premium\u201d). Op\u0142aty s\u0105 pobierane z g\u00f3ry i <strong>niepodlegaj\u0105 zwrotowi<\/strong>.<\/p>\n<\/li>\n<li>\n<p class=\"ds-markdown-paragraph\">Subskrypcja odnawia si\u0119 automatycznie. U\u017cytkownik mo\u017ce zrezygnowa\u0107 z automatycznego odnowienia w ustawieniach Konta\u00a0<strong>co najmniej 24 godziny<\/strong>\u00a0przed ko\u0144cem bie\u017c\u0105cego okresu rozliczeniowego. Nieprzestrzeganie tego terminu skutkuje pobraniem kolejnej p\u0142atno\u015bci.<\/p>\n<\/li>\n<\/ol>\n<p class=\"ds-markdown-paragraph\"><strong>\u00a78. Postanowienia Ko\u0144cowe<\/strong><\/p>\n<ol start=\"1\">\n<li>\n<p class=\"ds-markdown-paragraph\"><strong>Prawo w\u0142a\u015bciwe i rozstrzyganie spor\u00f3w:<\/strong>\u00a0Niniejszy Regulamin podlega prawu\u00a0<strong>Republiki Panamy<\/strong>. Wszelkie spory wynik\u0142e z jego stosowania podlegaj\u0105\u00a0<strong>wy\u0142\u0105cznej jurysdykcji s\u0105d\u00f3w w mie\u015bcie Panam\u00e1<\/strong>. U\u017cytkownik zrzeka si\u0119 prawa do dochodzenia roszcze\u0144 przed s\u0105dami swojego miejsca zamieszkania.<\/p>\n<\/li>\n<li>\n<p class=\"ds-markdown-paragraph\"><strong>Zmiany Regulaminu:<\/strong>\u00a0Us\u0142ugodawca zastrzega sobie prawo do zmiany Regulaminu w dowolnym momencie. O istotnych zmianach U\u017cytkownik zostanie powiadomiony za pomoc\u0105 wiadomo\u015bci e-mail lub komunikatu w Us\u0142udze.\u00a0<strong>Kontynuacja korzystania z Us\u0142ugi po wprowadzeniu zmian jest r\u00f3wnoznaczna z ich akceptacj\u0105<\/strong>.<\/p>\n<\/li>\n<li>\n<p class=\"ds-markdown-paragraph\"><strong>Wyk\u0142adnia:<\/strong>\u00a0W przypadku sprzeczno\u015bci mi\u0119dzy t\u0142umaczeniami regulaminu na r\u00f3\u017cne j\u0119zyki,\u00a0<strong>wersj\u0105 wi\u0105\u017c\u0105c\u0105 jest tekst w j\u0119zyku angielskim<\/strong>.<\/p>\n<\/li>\n<li>\n<p class=\"ds-markdown-paragraph\"><strong>Moc obowi\u0105zuj\u0105ca:<\/strong>\u00a0Regulamin wchodzi w \u017cycie z dniem\u00a0<strong>2023-10-15<\/strong>. Traci moc poprzednia jego wersja.<\/p>\n<\/li>\n<\/ol>\n<p class=\"ds-markdown-paragraph\"><strong>Niniejszy dokument stanowi jedyny i ca\u0142o\u015bciowy Regulamin Us\u0142ugi Prochowice.TV.<\/strong><br \/><strong>Prochowice TV Sp. z o.o., Panam\u00e1.<\/strong><\/p>\n\n\n<p><\/p>","protected":false},"excerpt":{"rendered":"<p>1. Akceptacja Warunk\u00f3w.Korzystaj\u0105c z Prochowice.TV, potwierdzasz, \u017ce masz uko\u0144czone 18 lat (lub wiek wymagany w twojej jurysdykcji) i akceptujesz niniejszy Regulamin w ca\u0142o\u015bci. 2. Licencja na Tre\u015b\u0107.Przesy\u0142aj\u0105c jakiekolwiek materia\u0142y (wideo, audio, tekst), udzielasz Prochowice TV Sp. z o.o. nieodp\u0142atnej, niewy\u0142\u0105cznej, sublicencjowalnej i og\u00f3lno\u015bwiatowej licencji na ich wykorzystanie, reprodukcj\u0119, modyfikacj\u0119, publiczne wy\u015bwietlanie i dystrybucj\u0119 w ramach&#8230;<\/p>","protected":false},"author":1,"featured_media":0,"parent":0,"menu_order":0,"comment_status":"closed","ping_status":"closed","template":"","meta":{"footnotes":""},"class_list":["post-480","page","type-page","status-publish","hentry"],"yoast_head":"<!-- This site is optimized with the Yoast SEO plugin v26.5 - https:\/\/yoast.com\/wordpress\/plugins\/seo\/ -->\n<title>Regulamin - Prochowice.TV<\/title>\n<meta name=\"robots\" content=\"index, follow, max-snippet:-1, max-image-preview:large, max-video-preview:-1\" \/>\n<link rel=\"canonical\" href=\"https:\/\/prochowice.tv\/en\/terms\/\" \/>\n<meta property=\"og:locale\" content=\"en_US\" \/>\n<meta property=\"og:type\" content=\"article\" \/>\n<meta property=\"og:title\" content=\"Regulamin - Prochowice.TV\" \/>\n<meta property=\"og:description\" content=\"1. Akceptacja Warunk\u00f3w.Korzystaj\u0105c z Prochowice.TV, potwierdzasz, \u017ce masz uko\u0144czone 18 lat (lub wiek wymagany w twojej jurysdykcji) i akceptujesz niniejszy Regulamin w ca\u0142o\u015bci. 2. Licencja na Tre\u015b\u0107.Przesy\u0142aj\u0105c jakiekolwiek materia\u0142y (wideo, audio, tekst), udzielasz Prochowice TV Sp. z o.o. nieodp\u0142atnej, niewy\u0142\u0105cznej, sublicencjowalnej i og\u00f3lno\u015bwiatowej licencji na ich wykorzystanie, reprodukcj\u0119, modyfikacj\u0119, publiczne wy\u015bwietlanie i dystrybucj\u0119 w ramach...\" \/>\n<meta property=\"og:url\" content=\"https:\/\/prochowice.tv\/en\/terms\/\" \/>\n<meta property=\"og:site_name\" content=\"Prochowice.TV\" \/>\n<meta property=\"article:modified_time\" content=\"2025-12-10T21:42:51+00:00\" \/>\n<meta property=\"og:image\" content=\"https:\/\/prochowice.tv\/wp-content\/uploads\/2025\/12\/graf-proch.png\" \/>\n\t<meta property=\"og:image:width\" content=\"1200\" \/>\n\t<meta property=\"og:image:height\" content=\"675\" \/>\n\t<meta property=\"og:image:type\" content=\"image\/png\" \/>\n<meta name=\"twitter:card\" content=\"summary_large_image\" \/>\n<meta name=\"twitter:label1\" content=\"Est. reading time\" \/>\n\t<meta name=\"twitter:data1\" content=\"4 minutes\" \/>\n<script type=\"application\/ld+json\" class=\"yoast-schema-graph\">{\"@context\":\"https:\/\/schema.org\",\"@graph\":[{\"@type\":\"WebPage\",\"@id\":\"https:\/\/prochowice.tv\/terms\/\",\"url\":\"https:\/\/prochowice.tv\/terms\/\",\"name\":\"Regulamin - Prochowice.TV\",\"isPartOf\":{\"@id\":\"https:\/\/prochowice.tv\/#website\"},\"datePublished\":\"2016-07-12T09:51:23+00:00\",\"dateModified\":\"2025-12-10T21:42:51+00:00\",\"breadcrumb\":{\"@id\":\"https:\/\/prochowice.tv\/terms\/#breadcrumb\"},\"inLanguage\":\"en-US\",\"potentialAction\":[{\"@type\":\"ReadAction\",\"target\":[\"https:\/\/prochowice.tv\/terms\/\"]}]},{\"@type\":\"BreadcrumbList\",\"@id\":\"https:\/\/prochowice.tv\/terms\/#breadcrumb\",\"itemListElement\":[{\"@type\":\"ListItem\",\"position\":1,\"name\":\"Strona g\u0142\u00f3wna\",\"item\":\"https:\/\/prochowice.tv\/\"},{\"@type\":\"ListItem\",\"position\":2,\"name\":\"Regulamin\"}]},{\"@type\":\"WebSite\",\"@id\":\"https:\/\/prochowice.tv\/#website\",\"url\":\"https:\/\/prochowice.tv\/\",\"name\":\"Prochowice.TV\",\"description\":\"Twoje miasto. Twoje media - Niezale\u017cne media Gminy Prochowice\",\"publisher\":{\"@id\":\"https:\/\/prochowice.tv\/#organization\"},\"potentialAction\":[{\"@type\":\"SearchAction\",\"target\":{\"@type\":\"EntryPoint\",\"urlTemplate\":\"https:\/\/prochowice.tv\/?s={search_term_string}\"},\"query-input\":{\"@type\":\"PropertyValueSpecification\",\"valueRequired\":true,\"valueName\":\"search_term_string\"}}],\"inLanguage\":\"en-US\"},{\"@type\":\"Organization\",\"@id\":\"https:\/\/prochowice.tv\/#organization\",\"name\":\"Prochowice TV\",\"url\":\"https:\/\/prochowice.tv\/\",\"logo\":{\"@type\":\"ImageObject\",\"inLanguage\":\"en-US\",\"@id\":\"https:\/\/prochowice.tv\/#\/schema\/logo\/image\/\",\"url\":\"https:\/\/prochowice.tv\/wp-content\/uploads\/2025\/12\/p-logo-2-1.png\",\"contentUrl\":\"https:\/\/prochowice.tv\/wp-content\/uploads\/2025\/12\/p-logo-2-1.png\",\"width\":385,\"height\":363,\"caption\":\"Prochowice TV\"},\"image\":{\"@id\":\"https:\/\/prochowice.tv\/#\/schema\/logo\/image\/\"}}]}<\/script>\n<!-- \/ Yoast SEO plugin. -->","yoast_head_json":{"title":"Regulamin - Prochowice.TV","robots":{"index":"index","follow":"follow","max-snippet":"max-snippet:-1","max-image-preview":"max-image-preview:large","max-video-preview":"max-video-preview:-1"},"canonical":"https:\/\/prochowice.tv\/en\/terms\/","og_locale":"en_US","og_type":"article","og_title":"Regulamin - Prochowice.TV","og_description":"1. Akceptacja Warunk\u00f3w.Korzystaj\u0105c z Prochowice.TV, potwierdzasz, \u017ce masz uko\u0144czone 18 lat (lub wiek wymagany w twojej jurysdykcji) i akceptujesz niniejszy Regulamin w ca\u0142o\u015bci. 2. Licencja na Tre\u015b\u0107.Przesy\u0142aj\u0105c jakiekolwiek materia\u0142y (wideo, audio, tekst), udzielasz Prochowice TV Sp. z o.o. nieodp\u0142atnej, niewy\u0142\u0105cznej, sublicencjowalnej i og\u00f3lno\u015bwiatowej licencji na ich wykorzystanie, reprodukcj\u0119, modyfikacj\u0119, publiczne wy\u015bwietlanie i dystrybucj\u0119 w ramach...","og_url":"https:\/\/prochowice.tv\/en\/terms\/","og_site_name":"Prochowice.TV","article_modified_time":"2025-12-10T21:42:51+00:00","og_image":[{"width":1200,"height":675,"url":"https:\/\/prochowice.tv\/wp-content\/uploads\/2025\/12\/graf-proch.png","type":"image\/png"}],"twitter_card":"summary_large_image","twitter_misc":{"Est. reading time":"4 minutes"},"schema":{"@context":"https:\/\/schema.org","@graph":[{"@type":"WebPage","@id":"https:\/\/prochowice.tv\/terms\/","url":"https:\/\/prochowice.tv\/terms\/","name":"Regulamin - Prochowice.TV","isPartOf":{"@id":"https:\/\/prochowice.tv\/#website"},"datePublished":"2016-07-12T09:51:23+00:00","dateModified":"2025-12-10T21:42:51+00:00","breadcrumb":{"@id":"https:\/\/prochowice.tv\/terms\/#breadcrumb"},"inLanguage":"en-US","potentialAction":[{"@type":"ReadAction","target":["https:\/\/prochowice.tv\/terms\/"]}]},{"@type":"BreadcrumbList","@id":"https:\/\/prochowice.tv\/terms\/#breadcrumb","itemListElement":[{"@type":"ListItem","position":1,"name":"Strona g\u0142\u00f3wna","item":"https:\/\/prochowice.tv\/"},{"@type":"ListItem","position":2,"name":"Regulamin"}]},{"@type":"WebSite","@id":"https:\/\/prochowice.tv\/#website","url":"https:\/\/prochowice.tv\/","name":"Prochowice.TV","description":"Twoje miasto. Twoje media - Niezale\u017cne media Gminy Prochowice","publisher":{"@id":"https:\/\/prochowice.tv\/#organization"},"potentialAction":[{"@type":"SearchAction","target":{"@type":"EntryPoint","urlTemplate":"https:\/\/prochowice.tv\/?s={search_term_string}"},"query-input":{"@type":"PropertyValueSpecification","valueRequired":true,"valueName":"search_term_string"}}],"inLanguage":"en-US"},{"@type":"Organization","@id":"https:\/\/prochowice.tv\/#organization","name":"Prochowice TV","url":"https:\/\/prochowice.tv\/","logo":{"@type":"ImageObject","inLanguage":"en-US","@id":"https:\/\/prochowice.tv\/#\/schema\/logo\/image\/","url":"https:\/\/prochowice.tv\/wp-content\/uploads\/2025\/12\/p-logo-2-1.png","contentUrl":"https:\/\/prochowice.tv\/wp-content\/uploads\/2025\/12\/p-logo-2-1.png","width":385,"height":363,"caption":"Prochowice TV"},"image":{"@id":"https:\/\/prochowice.tv\/#\/schema\/logo\/image\/"}}]}},"_links":{"self":[{"href":"https:\/\/prochowice.tv\/en\/wp-json\/wp\/v2\/pages\/480","targetHints":{"allow":["GET"]}}],"collection":[{"href":"https:\/\/prochowice.tv\/en\/wp-json\/wp\/v2\/pages"}],"about":[{"href":"https:\/\/prochowice.tv\/en\/wp-json\/wp\/v2\/types\/page"}],"author":[{"embeddable":true,"href":"https:\/\/prochowice.tv\/en\/wp-json\/wp\/v2\/users\/1"}],"replies":[{"embeddable":true,"href":"https:\/\/prochowice.tv\/en\/wp-json\/wp\/v2\/comments?post=480"}],"version-history":[{"count":2,"href":"https:\/\/prochowice.tv\/en\/wp-json\/wp\/v2\/pages\/480\/revisions"}],"predecessor-version":[{"id":1638,"href":"https:\/\/prochowice.tv\/en\/wp-json\/wp\/v2\/pages\/480\/revisions\/1638"}],"wp:attachment":[{"href":"https:\/\/prochowice.tv\/en\/wp-json\/wp\/v2\/media?parent=480"}],"curies":[{"name":"wp","href":"https:\/\/api.w.org\/{rel}","templated":true}]}}