{"id":484,"date":"2016-07-12T09:53:30","date_gmt":"2016-07-12T09:53:30","guid":{"rendered":"http:\/\/boombox.px-lab.com\/?page_id=484"},"modified":"2025-12-13T12:09:53","modified_gmt":"2025-12-13T12:09:53","slug":"kontakt","status":"publish","type":"page","link":"https:\/\/prochowice.tv\/en\/kontakt\/","title":{"rendered":"Kontakt"},"content":{"rendered":"<h4>Masz jeszcze jakie\u015b pytania? Nie martw si\u0119, nie ma g\u0142upich pyta\u0144.<\/h4>\n<p>Wype\u0142nij poni\u017cszy formularz, a skontaktujemy si\u0119 z Tob\u0105 najszybciej, jak to mo\u017cliwe<br \/>(zazwyczaj w ci\u0105gu jednego dnia roboczego).<\/p>\n\t<div class=\"bb-contact-form-block\">\r\n\t\t<div class=\"bb-contact-form-msg bb-txt-msg\"><\/div>\r\n\t\t<form class=\"bb-contact-form\" action=\"\/en\/contact_form\/\" data-trp-original-action=\"contact_form\">\r\n\t\t\t<div class=\"bb-form-block\">\r\n\t\t\t\t<div class=\"row\">\r\n\t\t\t\t\t<div class=\"input-field col-lg-6 col-sm-6\">\r\n\t\t\t\t\t\t<input name=\"boombox_name\" type=\"text\" placeholder=\"Name *\">\r\n\t\t\t\t\t<\/div>\r\n\t\t\t\t\t<div class=\"input-field col-lg-6 col-sm-6\">\r\n\t\t\t\t\t\t<input name=\"boombox_email\" type=\"email\" placeholder=\"Email *\">\r\n\t\t\t\t\t<\/div>\r\n\t\t\t\t\t<div class=\"col-lg-12 input-field\">\r\n\t\t\t\t\t\t<textarea name=\"boombox_comment\" placeholder=\"Your Message *\"><\/textarea>\r\n\t\t\t\t\t<\/div>\r\n\t\t\t\t<\/div>\r\n\t\t\t<\/div>\r\n\r\n\t\t\t\r\n\t\t\t<div class=\"bb-form-row-actions\">\r\n\t\t\t\t\t\t\t\t\t<div class=\"captcha-col\">\r\n\t\t\t\t\t\t\r\n\t\t\t\t\t\t\t<div class=\"captcha-container loading\">\r\n\t\t\t\t\t\t\t\t<div class=\"form-captcha\">\r\n\t\t\t\t\t\t\t\t\t<img decoding=\"async\" src=\"\" alt=\"Captcha!\" class=\"captcha\" \/>\r\n\t\t\t\t\t\t\t\t\t<a href=\"#refresh-captcha\" class=\"boombox-refresh-captcha refresh-captcha\"><\/a>\r\n\t\t\t\t\t\t\t\t<\/div>\r\n\t\t\t\t\t\t\t\t<input type=\"text\" name=\"boombox_captcha_code\" class=\"required\" placeholder=\"Enter captcha\">\r\n\t\t\t\t\t\t\t<\/div>\r\n\r\n\t\t\t\t\t\t\t\t\t\t\t<\/div>\r\n\t\t\t\t\t\t\t\t<div class=\"btn-col\">\r\n\t\t\t\t\t<div class=\"input-field form-submit\">\r\n\t\t\t\t\t\t<input name=\"submit\" type=\"submit\" id=\"submit\" class=\"submit pull-right\" value=\"Submit Your Message\" \/>\r\n\t\t\t\t\t<\/div>\r\n\t\t\t\t<\/div>\r\n\t\t\t<\/div>\r\n\r\n\t\t<input type=\"hidden\" name=\"trp-form-language\" value=\"en\"\/><\/form>\r\n\t<\/div>\r\n\t\n\n\n<p><\/p>","protected":false},"excerpt":{"rendered":"<p>Masz jeszcze jakie\u015b pytania? Nie martw si\u0119, nie ma g\u0142upich pyta\u0144. Wype\u0142nij poni\u017cszy formularz, a skontaktujemy si\u0119 z Tob\u0105 najszybciej, jak to mo\u017cliwe(zazwyczaj w ci\u0105gu jednego dnia roboczego).<\/p>","protected":false},"author":1,"featured_media":0,"parent":0,"menu_order":0,"comment_status":"closed","ping_status":"closed","template":"","meta":{"footnotes":""},"class_list":["post-484","page","type-page","status-publish","hentry"],"yoast_head":"<!-- This site is optimized with the Yoast SEO plugin v26.5 - https:\/\/yoast.com\/wordpress\/plugins\/seo\/ -->\n<title>Kontakt - Prochowice.TV<\/title>\n<meta name=\"robots\" content=\"index, follow, max-snippet:-1, max-image-preview:large, max-video-preview:-1\" \/>\n<link rel=\"canonical\" href=\"https:\/\/prochowice.tv\/en\/kontakt\/\" \/>\n<meta property=\"og:locale\" content=\"en_US\" \/>\n<meta property=\"og:type\" content=\"article\" \/>\n<meta property=\"og:title\" content=\"Kontakt - Prochowice.TV\" \/>\n<meta property=\"og:description\" content=\"Masz jeszcze jakie\u015b pytania? Nie martw si\u0119, nie ma g\u0142upich pyta\u0144. Wype\u0142nij poni\u017cszy formularz, a skontaktujemy si\u0119 z Tob\u0105 najszybciej, jak to mo\u017cliwe(zazwyczaj w ci\u0105gu jednego dnia roboczego).\" \/>\n<meta property=\"og:url\" content=\"https:\/\/prochowice.tv\/en\/kontakt\/\" \/>\n<meta property=\"og:site_name\" content=\"Prochowice.TV\" \/>\n<meta property=\"article:modified_time\" content=\"2025-12-13T12:09:53+00:00\" \/>\n<meta property=\"og:image\" content=\"https:\/\/prochowice.tv\/wp-content\/uploads\/2025\/12\/graf-proch.png\" \/>\n\t<meta property=\"og:image:width\" content=\"1200\" \/>\n\t<meta property=\"og:image:height\" content=\"675\" \/>\n\t<meta property=\"og:image:type\" content=\"image\/png\" \/>\n<meta name=\"twitter:card\" content=\"summary_large_image\" \/>\n<meta name=\"twitter:label1\" content=\"Est. reading time\" \/>\n\t<meta name=\"twitter:data1\" content=\"1 minute\" \/>\n<script type=\"application\/ld+json\" class=\"yoast-schema-graph\">{\"@context\":\"https:\/\/schema.org\",\"@graph\":[{\"@type\":\"WebPage\",\"@id\":\"https:\/\/prochowice.tv\/kontakt\/\",\"url\":\"https:\/\/prochowice.tv\/kontakt\/\",\"name\":\"Kontakt - Prochowice.TV\",\"isPartOf\":{\"@id\":\"https:\/\/prochowice.tv\/#website\"},\"datePublished\":\"2016-07-12T09:53:30+00:00\",\"dateModified\":\"2025-12-13T12:09:53+00:00\",\"breadcrumb\":{\"@id\":\"https:\/\/prochowice.tv\/kontakt\/#breadcrumb\"},\"inLanguage\":\"en-US\",\"potentialAction\":[{\"@type\":\"ReadAction\",\"target\":[\"https:\/\/prochowice.tv\/kontakt\/\"]}]},{\"@type\":\"BreadcrumbList\",\"@id\":\"https:\/\/prochowice.tv\/kontakt\/#breadcrumb\",\"itemListElement\":[{\"@type\":\"ListItem\",\"position\":1,\"name\":\"Strona g\u0142\u00f3wna\",\"item\":\"https:\/\/prochowice.tv\/\"},{\"@type\":\"ListItem\",\"position\":2,\"name\":\"Kontakt\"}]},{\"@type\":\"WebSite\",\"@id\":\"https:\/\/prochowice.tv\/#website\",\"url\":\"https:\/\/prochowice.tv\/\",\"name\":\"Prochowice.TV\",\"description\":\"Twoje miasto. Twoje media - Niezale\u017cne media Gminy Prochowice\",\"publisher\":{\"@id\":\"https:\/\/prochowice.tv\/#organization\"},\"potentialAction\":[{\"@type\":\"SearchAction\",\"target\":{\"@type\":\"EntryPoint\",\"urlTemplate\":\"https:\/\/prochowice.tv\/?s={search_term_string}\"},\"query-input\":{\"@type\":\"PropertyValueSpecification\",\"valueRequired\":true,\"valueName\":\"search_term_string\"}}],\"inLanguage\":\"en-US\"},{\"@type\":\"Organization\",\"@id\":\"https:\/\/prochowice.tv\/#organization\",\"name\":\"Prochowice TV\",\"url\":\"https:\/\/prochowice.tv\/\",\"logo\":{\"@type\":\"ImageObject\",\"inLanguage\":\"en-US\",\"@id\":\"https:\/\/prochowice.tv\/#\/schema\/logo\/image\/\",\"url\":\"https:\/\/prochowice.tv\/wp-content\/uploads\/2025\/12\/p-logo-2-1.png\",\"contentUrl\":\"https:\/\/prochowice.tv\/wp-content\/uploads\/2025\/12\/p-logo-2-1.png\",\"width\":385,\"height\":363,\"caption\":\"Prochowice TV\"},\"image\":{\"@id\":\"https:\/\/prochowice.tv\/#\/schema\/logo\/image\/\"}}]}<\/script>\n<!-- \/ Yoast SEO plugin. -->","yoast_head_json":{"title":"Kontakt - Prochowice.TV","robots":{"index":"index","follow":"follow","max-snippet":"max-snippet:-1","max-image-preview":"max-image-preview:large","max-video-preview":"max-video-preview:-1"},"canonical":"https:\/\/prochowice.tv\/en\/kontakt\/","og_locale":"en_US","og_type":"article","og_title":"Kontakt - Prochowice.TV","og_description":"Masz jeszcze jakie\u015b pytania? Nie martw si\u0119, nie ma g\u0142upich pyta\u0144. Wype\u0142nij poni\u017cszy formularz, a skontaktujemy si\u0119 z Tob\u0105 najszybciej, jak to mo\u017cliwe(zazwyczaj w ci\u0105gu jednego dnia roboczego).","og_url":"https:\/\/prochowice.tv\/en\/kontakt\/","og_site_name":"Prochowice.TV","article_modified_time":"2025-12-13T12:09:53+00:00","og_image":[{"width":1200,"height":675,"url":"https:\/\/prochowice.tv\/wp-content\/uploads\/2025\/12\/graf-proch.png","type":"image\/png"}],"twitter_card":"summary_large_image","twitter_misc":{"Est. reading time":"1 minute"},"schema":{"@context":"https:\/\/schema.org","@graph":[{"@type":"WebPage","@id":"https:\/\/prochowice.tv\/kontakt\/","url":"https:\/\/prochowice.tv\/kontakt\/","name":"Kontakt - Prochowice.TV","isPartOf":{"@id":"https:\/\/prochowice.tv\/#website"},"datePublished":"2016-07-12T09:53:30+00:00","dateModified":"2025-12-13T12:09:53+00:00","breadcrumb":{"@id":"https:\/\/prochowice.tv\/kontakt\/#breadcrumb"},"inLanguage":"en-US","potentialAction":[{"@type":"ReadAction","target":["https:\/\/prochowice.tv\/kontakt\/"]}]},{"@type":"BreadcrumbList","@id":"https:\/\/prochowice.tv\/kontakt\/#breadcrumb","itemListElement":[{"@type":"ListItem","position":1,"name":"Strona g\u0142\u00f3wna","item":"https:\/\/prochowice.tv\/"},{"@type":"ListItem","position":2,"name":"Kontakt"}]},{"@type":"WebSite","@id":"https:\/\/prochowice.tv\/#website","url":"https:\/\/prochowice.tv\/","name":"Prochowice.TV","description":"Twoje miasto. Twoje media - Niezale\u017cne media Gminy Prochowice","publisher":{"@id":"https:\/\/prochowice.tv\/#organization"},"potentialAction":[{"@type":"SearchAction","target":{"@type":"EntryPoint","urlTemplate":"https:\/\/prochowice.tv\/?s={search_term_string}"},"query-input":{"@type":"PropertyValueSpecification","valueRequired":true,"valueName":"search_term_string"}}],"inLanguage":"en-US"},{"@type":"Organization","@id":"https:\/\/prochowice.tv\/#organization","name":"Prochowice TV","url":"https:\/\/prochowice.tv\/","logo":{"@type":"ImageObject","inLanguage":"en-US","@id":"https:\/\/prochowice.tv\/#\/schema\/logo\/image\/","url":"https:\/\/prochowice.tv\/wp-content\/uploads\/2025\/12\/p-logo-2-1.png","contentUrl":"https:\/\/prochowice.tv\/wp-content\/uploads\/2025\/12\/p-logo-2-1.png","width":385,"height":363,"caption":"Prochowice TV"},"image":{"@id":"https:\/\/prochowice.tv\/#\/schema\/logo\/image\/"}}]}},"_links":{"self":[{"href":"https:\/\/prochowice.tv\/en\/wp-json\/wp\/v2\/pages\/484","targetHints":{"allow":["GET"]}}],"collection":[{"href":"https:\/\/prochowice.tv\/en\/wp-json\/wp\/v2\/pages"}],"about":[{"href":"https:\/\/prochowice.tv\/en\/wp-json\/wp\/v2\/types\/page"}],"author":[{"embeddable":true,"href":"https:\/\/prochowice.tv\/en\/wp-json\/wp\/v2\/users\/1"}],"replies":[{"embeddable":true,"href":"https:\/\/prochowice.tv\/en\/wp-json\/wp\/v2\/comments?post=484"}],"version-history":[{"count":2,"href":"https:\/\/prochowice.tv\/en\/wp-json\/wp\/v2\/pages\/484\/revisions"}],"predecessor-version":[{"id":1734,"href":"https:\/\/prochowice.tv\/en\/wp-json\/wp\/v2\/pages\/484\/revisions\/1734"}],"wp:attachment":[{"href":"https:\/\/prochowice.tv\/en\/wp-json\/wp\/v2\/media?parent=484"}],"curies":[{"name":"wp","href":"https:\/\/api.w.org\/{rel}","templated":true}]}}